{"id":975,"date":"2023-12-22T11:30:00","date_gmt":"2023-12-22T11:30:00","guid":{"rendered":"https:\/\/ichtp.cl\/portal\/?page_id=975"},"modified":"2023-12-22T11:40:56","modified_gmt":"2023-12-22T11:40:56","slug":"prensa","status":"publish","type":"page","link":"https:\/\/ichtp.cl\/portal\/prensa\/","title":{"rendered":"Prensa"},"content":{"rendered":"\t\t<div data-elementor-type=\"wp-page\" data-elementor-id=\"975\" class=\"elementor elementor-975\" data-elementor-post-type=\"page\">\n\t\t\t\t\t\t<section class=\"ob-is-breaking-bad elementor-section elementor-top-section elementor-element elementor-element-6f435567 elementor-section-content-middle elementor-section-full_width elementor-section-height-min-height elementor-section-height-default elementor-section-items-middle\" data-id=\"6f435567\" data-element_type=\"section\" data-settings=\"{&quot;background_background&quot;:&quot;classic&quot;,&quot;_ob_bbad_use_it&quot;:&quot;yes&quot;,&quot;_ob_bbad_sssic_use&quot;:&quot;no&quot;,&quot;_ob_glider_is_slider&quot;:&quot;no&quot;}\">\n\t\t\t\t\t\t\t<div class=\"elementor-background-overlay\"><\/div>\n\t\t\t\t\t\t\t<div class=\"elementor-container elementor-column-gap-no\">\n\t\t\t\t\t<div class=\"elementor-column elementor-col-100 elementor-top-column elementor-element elementor-element-4d739d44\" data-id=\"4d739d44\" data-element_type=\"column\" data-settings=\"{&quot;_ob_bbad_is_stalker&quot;:&quot;no&quot;,&quot;_ob_teleporter_use&quot;:false,&quot;_ob_column_hoveranimator&quot;:&quot;no&quot;,&quot;_ob_column_has_pseudo&quot;:&quot;no&quot;}\">\n\t\t\t<div class=\"elementor-widget-wrap elementor-element-populated\">\n\t\t\t\t\t\t<div class=\"elementor-element elementor-element-6f2a69a9 ob-harakiri-inherit ob-has-background-overlay elementor-widget elementor-widget-heading\" data-id=\"6f2a69a9\" data-element_type=\"widget\" data-settings=\"{&quot;_ob_use_harakiri&quot;:&quot;yes&quot;,&quot;_ob_harakiri_writing_mode&quot;:&quot;inherit&quot;,&quot;_ob_harakiri_text_clip&quot;:&quot;none&quot;,&quot;_ob_perspektive_use&quot;:&quot;no&quot;,&quot;_ob_poopart_use&quot;:&quot;yes&quot;,&quot;_ob_shadough_use&quot;:&quot;no&quot;,&quot;_ob_allow_hoveranimator&quot;:&quot;no&quot;,&quot;_ob_widget_stalker_use&quot;:&quot;no&quot;}\" data-widget_type=\"heading.default\">\n\t\t\t\t<div class=\"elementor-widget-container\">\n\t\t\t\t\t<h4 class=\"elementor-heading-title elementor-size-default\">Prensa ICHTP<\/h4>\t\t\t\t<\/div>\n\t\t\t\t<\/div>\n\t\t\t\t\t<\/div>\n\t\t<\/div>\n\t\t\t\t\t<\/div>\n\t\t<\/section>\n\t\t\t\t<section class=\"ob-is-breaking-bad elementor-section elementor-top-section elementor-element elementor-element-237715d elementor-section-content-middle elementor-section-boxed elementor-section-height-default elementor-section-height-default\" data-id=\"237715d\" data-element_type=\"section\" data-settings=\"{&quot;_ob_bbad_use_it&quot;:&quot;yes&quot;,&quot;_ob_bbad_sssic_use&quot;:&quot;no&quot;,&quot;_ob_glider_is_slider&quot;:&quot;no&quot;}\">\n\t\t\t\t\t\t<div class=\"elementor-container elementor-column-gap-no\">\n\t\t\t\t\t<div class=\"elementor-column elementor-col-100 elementor-top-column elementor-element elementor-element-3035f13b\" data-id=\"3035f13b\" data-element_type=\"column\" data-settings=\"{&quot;_ob_bbad_is_stalker&quot;:&quot;no&quot;,&quot;_ob_teleporter_use&quot;:false,&quot;_ob_column_hoveranimator&quot;:&quot;no&quot;,&quot;_ob_column_has_pseudo&quot;:&quot;no&quot;}\">\n\t\t\t<div class=\"elementor-widget-wrap elementor-element-populated\">\n\t\t\t\t\t\t<section class=\"ob-is-breaking-bad ob-bb-inner elementor-section elementor-inner-section elementor-element elementor-element-335db51c elementor-section-content-top elementor-section-boxed elementor-section-height-default elementor-section-height-default\" data-id=\"335db51c\" data-element_type=\"section\" data-settings=\"{&quot;_ob_bbad_use_it&quot;:&quot;yes&quot;,&quot;_ob_bbad_sssic_use&quot;:&quot;no&quot;,&quot;_ob_glider_is_slider&quot;:&quot;no&quot;}\">\n\t\t\t\t\t\t<div class=\"elementor-container elementor-column-gap-no\">\n\t\t\t\t\t<div class=\"elementor-column elementor-col-50 elementor-inner-column elementor-element elementor-element-3e2eee50\" data-id=\"3e2eee50\" data-element_type=\"column\" data-settings=\"{&quot;_ob_bbad_is_stalker&quot;:&quot;no&quot;,&quot;_ob_teleporter_use&quot;:false,&quot;_ob_column_hoveranimator&quot;:&quot;no&quot;,&quot;_ob_column_has_pseudo&quot;:&quot;no&quot;}\">\n\t\t\t<div class=\"elementor-widget-wrap elementor-element-populated\">\n\t\t\t\t\t\t<div class=\"elementor-element elementor-element-7225df75 ob-harakiri-inherit ob-has-background-overlay elementor-widget elementor-widget-heading\" data-id=\"7225df75\" data-element_type=\"widget\" data-settings=\"{&quot;_ob_use_harakiri&quot;:&quot;yes&quot;,&quot;_ob_harakiri_writing_mode&quot;:&quot;inherit&quot;,&quot;_ob_harakiri_text_clip&quot;:&quot;none&quot;,&quot;_ob_perspektive_use&quot;:&quot;no&quot;,&quot;_ob_poopart_use&quot;:&quot;yes&quot;,&quot;_ob_shadough_use&quot;:&quot;no&quot;,&quot;_ob_allow_hoveranimator&quot;:&quot;no&quot;,&quot;_ob_widget_stalker_use&quot;:&quot;no&quot;}\" data-widget_type=\"heading.default\">\n\t\t\t\t<div class=\"elementor-widget-container\">\n\t\t\t\t\t<h4 class=\"elementor-heading-title elementor-size-default\">Art\u00edculos y Apariciones en Prensa<\/h4>\t\t\t\t<\/div>\n\t\t\t\t<\/div>\n\t\t\t\t<div class=\"elementor-element elementor-element-77b44482 ob-harakiri-inherit ob-has-background-overlay elementor-widget elementor-widget-text-editor\" data-id=\"77b44482\" data-element_type=\"widget\" data-settings=\"{&quot;_ob_use_harakiri&quot;:&quot;yes&quot;,&quot;_ob_harakiri_writing_mode&quot;:&quot;inherit&quot;,&quot;_ob_postman_use&quot;:&quot;no&quot;,&quot;_ob_perspektive_use&quot;:&quot;no&quot;,&quot;_ob_poopart_use&quot;:&quot;yes&quot;,&quot;_ob_shadough_use&quot;:&quot;no&quot;,&quot;_ob_allow_hoveranimator&quot;:&quot;no&quot;,&quot;_ob_widget_stalker_use&quot;:&quot;no&quot;}\" data-widget_type=\"text-editor.default\">\n\t\t\t\t<div class=\"elementor-widget-container\">\n\t\t\t\t\t\t\t\t\t<div class=\"two_third first\"><p><strong>Ley N\u00b0 21.331: \u201cDel reconocimiento y protecci\u00f3n de los derechos de las Personas en la atenci\u00f3n de salud mental\u201d<br \/><\/strong>Por: Dr. Julio Armijo<\/p><p><a href=\"http:\/\/ichtp.cl\/documentos\/julio_armijo_ley.pdf\" target=\"_blank\" rel=\"noopener\"><img decoding=\"async\" src=\"http:\/\/ichtp.cl\/images\/descargar_pdf.png\" border=\"0\" \/><\/a> Descargar articulo en formato PDF<\/p><hr \/><\/div><div class=\"two_third first\"><p>\u00a0<\/p><p><strong>Prevenci\u00f3n del riesgo suicida en la pandemia y trastornos de personalidad (UDP Noticias)<br \/><\/strong>Por: Dr. Julio Armijo &#8211; Ps. Valeria Fern\u00e1ndez<\/p><p><a href=\"https:\/\/www.udp.cl\/noticia\/recomendaciones-29\/\" target=\"_blank\" rel=\"noopener\"><img decoding=\"async\" src=\"http:\/\/ichtp.cl\/images\/descargar_pdf.png\" border=\"0\" \/><\/a> Descargar articulo en formato PDF<\/p><hr \/><\/div><div class=\"two_third first\"><p>\u00a0<\/p><p><strong>Medio de difusi\u00f3n (UDP Noticias)<br \/><\/strong>Por: Dr. Julio Armijo<\/p><p><a href=\"https:\/\/www.udp.cl\/noticia\/recomendaciones-26\/\" target=\"_blank\" rel=\"noopener\"><img decoding=\"async\" src=\"http:\/\/ichtp.cl\/images\/descargar_pdf.png\" border=\"0\" \/><\/a> Descargar articulo en formato PDF<\/p><hr \/><\/div><div class=\"two_third first\"><p>\u00a0<\/p><p><strong>Los desaf\u00edos de la psicoterapia online en pacientes chilenos<br \/><\/strong>Por: Dr. Julio Armijo<\/p><p><a href=\"https:\/\/magisterenperiodismo.com\/elfenix\/los-desafios-de-la-psicoterapia-online-en-pacientes-chilenos\/\" target=\"_blank\" rel=\"noopener\"><img decoding=\"async\" src=\"http:\/\/ichtp.cl\/images\/descargar_pdf.png\" border=\"0\" \/><\/a> Descargar articulo en formato PDF<\/p><hr \/><\/div><div class=\"two_third first\"><p>\u00a0<\/p><p><strong>Revista Paula: En que est\u00e1n las ni\u00f1as de 9 a 12 a\u00f1os (De una masculinidad que cojea hacia la integraci\u00f3n)<br \/><\/strong>Por: Dr. Patricio Pe\u00f1ailillo\u00a0<\/p><p><a href=\"https:\/\/www.paula.cl\/tiempo-libre\/como-son-las-tweens\/\" target=\"_blank\" rel=\"noopener\"><img decoding=\"async\" src=\"http:\/\/ichtp.cl\/images\/descargar_pdf.png\" border=\"0\" \/><\/a> Descargar articulo en formato PDF<\/p><hr \/><\/div><div class=\"two_third first\"><p>\u00a0<\/p><p><strong>Revista Ya: El auge de las apps que apoyan las terapias<br \/><\/strong>Por: Dr. Julio Armijo<\/p><p><a href=\"http:\/\/ichtp.cl\/documentos\/auge_app_2019.pdf\" target=\"_blank\" rel=\"noopener\"><img decoding=\"async\" src=\"http:\/\/ichtp.cl\/images\/descargar_pdf.png\" border=\"0\" \/><\/a> Descargar articulo en formato PDF<\/p><hr \/><\/div><div class=\"two_third first\"><p>\u00a0<\/p><p><strong>Art\u00edculo Revista Enforma N\u00ba71<br \/><\/strong>Por: Antonio Menchaca Pastene<br \/>Mar\u00eda Soledad Silva Garc\u00eda.<\/p><p><a href=\"http:\/\/ichtp.cl\/documentos\/articulo%20revista%20En%20Forma.pdf\" target=\"_blank\" rel=\"noopener\"><img decoding=\"async\" src=\"http:\/\/ichtp.cl\/images\/descargar_pdf.png\" border=\"0\" \/><\/a> Descargar articulo en formato PDF<\/p><\/div>\t\t\t\t\t\t\t\t<\/div>\n\t\t\t\t<\/div>\n\t\t\t\t\t<\/div>\n\t\t<\/div>\n\t\t\t\t<div class=\"elementor-column elementor-col-50 elementor-inner-column elementor-element elementor-element-742c7e8\" data-id=\"742c7e8\" data-element_type=\"column\" data-settings=\"{&quot;_ob_bbad_is_stalker&quot;:&quot;no&quot;,&quot;_ob_teleporter_use&quot;:false,&quot;_ob_column_hoveranimator&quot;:&quot;no&quot;,&quot;_ob_column_has_pseudo&quot;:&quot;no&quot;}\">\n\t\t\t<div class=\"elementor-widget-wrap elementor-element-populated\">\n\t\t\t\t\t\t<div class=\"elementor-element elementor-element-126ed7a7 ob-harakiri-inherit ob-has-background-overlay elementor-widget elementor-widget-heading\" data-id=\"126ed7a7\" data-element_type=\"widget\" data-settings=\"{&quot;_ob_use_harakiri&quot;:&quot;yes&quot;,&quot;_ob_harakiri_writing_mode&quot;:&quot;inherit&quot;,&quot;_ob_harakiri_text_clip&quot;:&quot;none&quot;,&quot;_ob_perspektive_use&quot;:&quot;no&quot;,&quot;_ob_poopart_use&quot;:&quot;yes&quot;,&quot;_ob_shadough_use&quot;:&quot;no&quot;,&quot;_ob_allow_hoveranimator&quot;:&quot;no&quot;,&quot;_ob_widget_stalker_use&quot;:&quot;no&quot;}\" data-widget_type=\"heading.default\">\n\t\t\t\t<div class=\"elementor-widget-container\">\n\t\t\t\t\t<h4 class=\"elementor-heading-title elementor-size-default\">Art\u00edculos Acad\u00e9micos<\/h4>\t\t\t\t<\/div>\n\t\t\t\t<\/div>\n\t\t\t\t<div class=\"elementor-element elementor-element-28912b64 ob-harakiri-inherit ob-has-background-overlay elementor-widget elementor-widget-text-editor\" data-id=\"28912b64\" data-element_type=\"widget\" data-settings=\"{&quot;_ob_use_harakiri&quot;:&quot;yes&quot;,&quot;_ob_harakiri_writing_mode&quot;:&quot;inherit&quot;,&quot;_ob_postman_use&quot;:&quot;no&quot;,&quot;_ob_perspektive_use&quot;:&quot;no&quot;,&quot;_ob_poopart_use&quot;:&quot;yes&quot;,&quot;_ob_shadough_use&quot;:&quot;no&quot;,&quot;_ob_allow_hoveranimator&quot;:&quot;no&quot;,&quot;_ob_widget_stalker_use&quot;:&quot;no&quot;}\" data-widget_type=\"text-editor.default\">\n\t\t\t\t<div class=\"elementor-widget-container\">\n\t\t\t\t\t\t\t\t\t<p><strong>Trastorno del Animo y Desorden de Personalidad.<\/strong><\/p><p><a href=\"http:\/\/ichtp.cl\/documentos\/Trastorno_del_Animo_y_Desorden_de_Personalidad_Limitrofe.pdf\" target=\"_blank\" rel=\"noopener\"><img decoding=\"async\" src=\"http:\/\/ichtp.cl\/images\/descargar_pdf.png\" border=\"0\" \/><\/a> Descargar archivo PDF<\/p><hr \/><p>\u00a0<\/p><p><strong>Psicoterapia centrada en la transferencia: Objetivos centrales y mecanismos de cambio.<\/strong><br \/>Ps: Javiera Somav\u00eda Santan Cruz, 2008<\/p><p><a href=\"http:\/\/ichtp.cl\/documentos\/Psicoterapia%20Centrada%20en%20la%20Transferencia.pdf\" target=\"_blank\" rel=\"noopener\"><img decoding=\"async\" src=\"http:\/\/ichtp.cl\/images\/descargar_pdf.png\" border=\"0\" \/><\/a> Descargar archivo PDF<\/p><hr \/><p>\u00a0<\/p><p><strong>Entrevista estructurada de organizaci\u00f3n de personalidad (STIPO).<\/strong><\/p><p><a href=\"http:\/\/ichtp.cl\/documentos\/Stuctured%20Interview%20of%20Personality%20Organization%20(STIPO).pdf\" target=\"_blank\" rel=\"noopener\"><img decoding=\"async\" src=\"http:\/\/ichtp.cl\/images\/descargar_pdf.png\" \/><\/a> Descargar archivo PDF<\/p><hr \/><p>\u00a0<\/p><p><strong>Cooterapia en el trabajo de pacientes con trastornos de personalidad severo.<\/strong><\/p><p><a href=\"http:\/\/ichtp.cl\/documentos\/Presentacion%20de%20coterapia.pdf\" target=\"_blank\" rel=\"noopener\"><img decoding=\"async\" src=\"http:\/\/ichtp.cl\/images\/descargar_pdf.png\" \/><\/a> Descargar archivo PDF<\/p>\t\t\t\t\t\t\t\t<\/div>\n\t\t\t\t<\/div>\n\t\t\t\t\t<\/div>\n\t\t<\/div>\n\t\t\t\t\t<\/div>\n\t\t<\/section>\n\t\t\t\t\t<\/div>\n\t\t<\/div>\n\t\t\t\t\t<\/div>\n\t\t<\/section>\n\t\t\t\t<\/div>\n\t\t","protected":false},"excerpt":{"rendered":"<p>Prensa ICHTP Art\u00edculos y Apariciones en Prensa Ley N\u00b0 21.331: \u201cDel reconocimiento y protecci\u00f3n de los derechos de las Personas en la atenci\u00f3n de salud mental\u201dPor: Dr. Julio Armijo Descargar articulo en formato PDF \u00a0 Prevenci\u00f3n del riesgo suicida en la pandemia y trastornos de personalidad (UDP Noticias)Por: Dr. Julio Armijo &#8211; Ps. Valeria Fern\u00e1ndez [&hellip;]<\/p>\n","protected":false},"author":1,"featured_media":0,"parent":0,"menu_order":0,"comment_status":"closed","ping_status":"closed","template":"","meta":{"om_disable_all_campaigns":false,"_monsterinsights_skip_tracking":false,"_monsterinsights_sitenote_active":false,"_monsterinsights_sitenote_note":"","_monsterinsights_sitenote_category":0,"_uf_show_specific_survey":0,"_uf_disable_surveys":false,"site-sidebar-layout":"no-sidebar","site-content-layout":"","ast-site-content-layout":"full-width-container","site-content-style":"default","site-sidebar-style":"default","ast-global-header-display":"","ast-banner-title-visibility":"","ast-main-header-display":"","ast-hfb-above-header-display":"","ast-hfb-below-header-display":"","ast-hfb-mobile-header-display":"","site-post-title":"disabled","ast-breadcrumbs-content":"","ast-featured-img":"disabled","footer-sml-layout":"","ast-disable-related-posts":"","theme-transparent-header-meta":"default","adv-header-id-meta":"","stick-header-meta":"","header-above-stick-meta":"","header-main-stick-meta":"","header-below-stick-meta":"","astra-migrate-meta-layouts":"set","ast-page-background-enabled":"default","ast-page-background-meta":{"desktop":{"background-color":"var(--ast-global-color-4)","background-image":"","background-repeat":"repeat","background-position":"center center","background-size":"auto","background-attachment":"scroll","background-type":"","background-media":"","overlay-type":"","overlay-color":"","overlay-opacity":"","overlay-gradient":""},"tablet":{"background-color":"","background-image":"","background-repeat":"repeat","background-position":"center center","background-size":"auto","background-attachment":"scroll","background-type":"","background-media":"","overlay-type":"","overlay-color":"","overlay-opacity":"","overlay-gradient":""},"mobile":{"background-color":"","background-image":"","background-repeat":"repeat","background-position":"center center","background-size":"auto","background-attachment":"scroll","background-type":"","background-media":"","overlay-type":"","overlay-color":"","overlay-opacity":"","overlay-gradient":""}},"ast-content-background-meta":{"desktop":{"background-color":"var(--ast-global-color-5)","background-image":"","background-repeat":"repeat","background-position":"center center","background-size":"auto","background-attachment":"scroll","background-type":"","background-media":"","overlay-type":"","overlay-color":"","overlay-opacity":"","overlay-gradient":""},"tablet":{"background-color":"var(--ast-global-color-5)","background-image":"","background-repeat":"repeat","background-position":"center center","background-size":"auto","background-attachment":"scroll","background-type":"","background-media":"","overlay-type":"","overlay-color":"","overlay-opacity":"","overlay-gradient":""},"mobile":{"background-color":"var(--ast-global-color-5)","background-image":"","background-repeat":"repeat","background-position":"center center","background-size":"auto","background-attachment":"scroll","background-type":"","background-media":"","overlay-type":"","overlay-color":"","overlay-opacity":"","overlay-gradient":""}},"footnotes":""},"class_list":["post-975","page","type-page","status-publish","hentry"],"yoast_head":"<!-- This site is optimized with the Yoast SEO plugin v27.4 - https:\/\/yoast.com\/product\/yoast-seo-wordpress\/ -->\n<title>Prensa -<\/title>\n<meta name=\"robots\" content=\"index, follow, max-snippet:-1, max-image-preview:large, max-video-preview:-1\" \/>\n<link rel=\"canonical\" href=\"https:\/\/ichtp.cl\/portal\/prensa\/\" \/>\n<meta property=\"og:locale\" content=\"es_ES\" \/>\n<meta property=\"og:type\" content=\"article\" \/>\n<meta property=\"og:title\" content=\"Prensa -\" \/>\n<meta property=\"og:description\" content=\"Prensa ICHTP Art\u00edculos y Apariciones en Prensa Ley N\u00b0 21.331: \u201cDel reconocimiento y protecci\u00f3n de los derechos de las Personas en la atenci\u00f3n de salud mental\u201dPor: Dr. Julio Armijo Descargar articulo en formato PDF \u00a0 Prevenci\u00f3n del riesgo suicida en la pandemia y trastornos de personalidad (UDP Noticias)Por: Dr. Julio Armijo &#8211; Ps. Valeria Fern\u00e1ndez [&hellip;]\" \/>\n<meta property=\"og:url\" content=\"https:\/\/ichtp.cl\/portal\/prensa\/\" \/>\n<meta property=\"article:modified_time\" content=\"2023-12-22T11:40:56+00:00\" \/>\n<meta property=\"og:image\" content=\"http:\/\/ichtp.cl\/images\/descargar_pdf.png\" \/>\n<meta name=\"twitter:card\" content=\"summary_large_image\" \/>\n<meta name=\"twitter:label1\" content=\"Tiempo de lectura\" \/>\n\t<meta name=\"twitter:data1\" content=\"4 minutos\" \/>\n<script type=\"application\/ld+json\" class=\"yoast-schema-graph\">{\"@context\":\"https:\\\/\\\/schema.org\",\"@graph\":[{\"@type\":\"WebPage\",\"@id\":\"https:\\\/\\\/ichtp.cl\\\/portal\\\/prensa\\\/\",\"url\":\"https:\\\/\\\/ichtp.cl\\\/portal\\\/prensa\\\/\",\"name\":\"Prensa -\",\"isPartOf\":{\"@id\":\"https:\\\/\\\/ichtp.cl\\\/portal\\\/#website\"},\"primaryImageOfPage\":{\"@id\":\"https:\\\/\\\/ichtp.cl\\\/portal\\\/prensa\\\/#primaryimage\"},\"image\":{\"@id\":\"https:\\\/\\\/ichtp.cl\\\/portal\\\/prensa\\\/#primaryimage\"},\"thumbnailUrl\":\"http:\\\/\\\/ichtp.cl\\\/images\\\/descargar_pdf.png\",\"datePublished\":\"2023-12-22T11:30:00+00:00\",\"dateModified\":\"2023-12-22T11:40:56+00:00\",\"breadcrumb\":{\"@id\":\"https:\\\/\\\/ichtp.cl\\\/portal\\\/prensa\\\/#breadcrumb\"},\"inLanguage\":\"es\",\"potentialAction\":[{\"@type\":\"ReadAction\",\"target\":[\"https:\\\/\\\/ichtp.cl\\\/portal\\\/prensa\\\/\"]}]},{\"@type\":\"ImageObject\",\"inLanguage\":\"es\",\"@id\":\"https:\\\/\\\/ichtp.cl\\\/portal\\\/prensa\\\/#primaryimage\",\"url\":\"http:\\\/\\\/ichtp.cl\\\/images\\\/descargar_pdf.png\",\"contentUrl\":\"http:\\\/\\\/ichtp.cl\\\/images\\\/descargar_pdf.png\"},{\"@type\":\"BreadcrumbList\",\"@id\":\"https:\\\/\\\/ichtp.cl\\\/portal\\\/prensa\\\/#breadcrumb\",\"itemListElement\":[{\"@type\":\"ListItem\",\"position\":1,\"name\":\"Home\",\"item\":\"https:\\\/\\\/ichtp.cl\\\/portal\\\/\"},{\"@type\":\"ListItem\",\"position\":2,\"name\":\"Prensa\"}]},{\"@type\":\"WebSite\",\"@id\":\"https:\\\/\\\/ichtp.cl\\\/portal\\\/#website\",\"url\":\"https:\\\/\\\/ichtp.cl\\\/portal\\\/\",\"name\":\"\",\"description\":\"Portal ICHTP\",\"potentialAction\":[{\"@type\":\"SearchAction\",\"target\":{\"@type\":\"EntryPoint\",\"urlTemplate\":\"https:\\\/\\\/ichtp.cl\\\/portal\\\/?s={search_term_string}\"},\"query-input\":{\"@type\":\"PropertyValueSpecification\",\"valueRequired\":true,\"valueName\":\"search_term_string\"}}],\"inLanguage\":\"es\"}]}<\/script>\n<!-- \/ Yoast SEO plugin. -->","yoast_head_json":{"title":"Prensa -","robots":{"index":"index","follow":"follow","max-snippet":"max-snippet:-1","max-image-preview":"max-image-preview:large","max-video-preview":"max-video-preview:-1"},"canonical":"https:\/\/ichtp.cl\/portal\/prensa\/","og_locale":"es_ES","og_type":"article","og_title":"Prensa -","og_description":"Prensa ICHTP Art\u00edculos y Apariciones en Prensa Ley N\u00b0 21.331: \u201cDel reconocimiento y protecci\u00f3n de los derechos de las Personas en la atenci\u00f3n de salud mental\u201dPor: Dr. Julio Armijo Descargar articulo en formato PDF \u00a0 Prevenci\u00f3n del riesgo suicida en la pandemia y trastornos de personalidad (UDP Noticias)Por: Dr. Julio Armijo &#8211; Ps. Valeria Fern\u00e1ndez [&hellip;]","og_url":"https:\/\/ichtp.cl\/portal\/prensa\/","article_modified_time":"2023-12-22T11:40:56+00:00","og_image":[{"url":"http:\/\/ichtp.cl\/images\/descargar_pdf.png","type":"","width":"","height":""}],"twitter_card":"summary_large_image","twitter_misc":{"Tiempo de lectura":"4 minutos"},"schema":{"@context":"https:\/\/schema.org","@graph":[{"@type":"WebPage","@id":"https:\/\/ichtp.cl\/portal\/prensa\/","url":"https:\/\/ichtp.cl\/portal\/prensa\/","name":"Prensa -","isPartOf":{"@id":"https:\/\/ichtp.cl\/portal\/#website"},"primaryImageOfPage":{"@id":"https:\/\/ichtp.cl\/portal\/prensa\/#primaryimage"},"image":{"@id":"https:\/\/ichtp.cl\/portal\/prensa\/#primaryimage"},"thumbnailUrl":"http:\/\/ichtp.cl\/images\/descargar_pdf.png","datePublished":"2023-12-22T11:30:00+00:00","dateModified":"2023-12-22T11:40:56+00:00","breadcrumb":{"@id":"https:\/\/ichtp.cl\/portal\/prensa\/#breadcrumb"},"inLanguage":"es","potentialAction":[{"@type":"ReadAction","target":["https:\/\/ichtp.cl\/portal\/prensa\/"]}]},{"@type":"ImageObject","inLanguage":"es","@id":"https:\/\/ichtp.cl\/portal\/prensa\/#primaryimage","url":"http:\/\/ichtp.cl\/images\/descargar_pdf.png","contentUrl":"http:\/\/ichtp.cl\/images\/descargar_pdf.png"},{"@type":"BreadcrumbList","@id":"https:\/\/ichtp.cl\/portal\/prensa\/#breadcrumb","itemListElement":[{"@type":"ListItem","position":1,"name":"Home","item":"https:\/\/ichtp.cl\/portal\/"},{"@type":"ListItem","position":2,"name":"Prensa"}]},{"@type":"WebSite","@id":"https:\/\/ichtp.cl\/portal\/#website","url":"https:\/\/ichtp.cl\/portal\/","name":"","description":"Portal ICHTP","potentialAction":[{"@type":"SearchAction","target":{"@type":"EntryPoint","urlTemplate":"https:\/\/ichtp.cl\/portal\/?s={search_term_string}"},"query-input":{"@type":"PropertyValueSpecification","valueRequired":true,"valueName":"search_term_string"}}],"inLanguage":"es"}]}},"jetpack-related-posts":[],"jetpack_sharing_enabled":true,"_links":{"self":[{"href":"https:\/\/ichtp.cl\/portal\/wp-json\/wp\/v2\/pages\/975","targetHints":{"allow":["GET"]}}],"collection":[{"href":"https:\/\/ichtp.cl\/portal\/wp-json\/wp\/v2\/pages"}],"about":[{"href":"https:\/\/ichtp.cl\/portal\/wp-json\/wp\/v2\/types\/page"}],"author":[{"embeddable":true,"href":"https:\/\/ichtp.cl\/portal\/wp-json\/wp\/v2\/users\/1"}],"replies":[{"embeddable":true,"href":"https:\/\/ichtp.cl\/portal\/wp-json\/wp\/v2\/comments?post=975"}],"version-history":[{"count":13,"href":"https:\/\/ichtp.cl\/portal\/wp-json\/wp\/v2\/pages\/975\/revisions"}],"predecessor-version":[{"id":989,"href":"https:\/\/ichtp.cl\/portal\/wp-json\/wp\/v2\/pages\/975\/revisions\/989"}],"wp:attachment":[{"href":"https:\/\/ichtp.cl\/portal\/wp-json\/wp\/v2\/media?parent=975"}],"curies":[{"name":"wp","href":"https:\/\/api.w.org\/{rel}","templated":true}]}}