{"id":1930,"date":"2026-04-29T22:19:13","date_gmt":"2026-04-29T22:19:13","guid":{"rendered":"https:\/\/ichtp.cl\/portal\/?page_id=1930"},"modified":"2026-04-30T12:33:40","modified_gmt":"2026-04-30T12:33:40","slug":"contenido-newsletter","status":"publish","type":"page","link":"https:\/\/ichtp.cl\/portal\/contenido-newsletter\/","title":{"rendered":"Contenido Newsletter"},"content":{"rendered":"\t\t<div data-elementor-type=\"wp-page\" data-elementor-id=\"1930\" class=\"elementor elementor-1930\" data-elementor-post-type=\"page\">\n\t\t\t\t\t\t<section class=\"ob-is-breaking-bad elementor-section elementor-top-section elementor-element elementor-element-263d5418 elementor-section-content-middle elementor-section-full_width elementor-section-height-min-height elementor-section-height-default elementor-section-items-middle\" data-id=\"263d5418\" data-element_type=\"section\" data-settings=\"{&quot;background_background&quot;:&quot;classic&quot;,&quot;_ob_bbad_use_it&quot;:&quot;yes&quot;,&quot;_ob_bbad_sssic_use&quot;:&quot;no&quot;,&quot;_ob_glider_is_slider&quot;:&quot;no&quot;}\">\n\t\t\t\t\t\t\t<div class=\"elementor-background-overlay\"><\/div>\n\t\t\t\t\t\t\t<div class=\"elementor-container elementor-column-gap-no\">\n\t\t\t\t\t<div class=\"elementor-column elementor-col-100 elementor-top-column elementor-element elementor-element-4fba1f36\" data-id=\"4fba1f36\" data-element_type=\"column\" data-settings=\"{&quot;_ob_bbad_is_stalker&quot;:&quot;no&quot;,&quot;_ob_teleporter_use&quot;:false,&quot;_ob_column_hoveranimator&quot;:&quot;no&quot;,&quot;_ob_column_has_pseudo&quot;:&quot;no&quot;}\">\n\t\t\t<div class=\"elementor-widget-wrap elementor-element-populated\">\n\t\t\t\t\t\t<div class=\"elementor-element elementor-element-2bfbd07c ob-harakiri-inherit ob-has-background-overlay elementor-widget elementor-widget-heading\" data-id=\"2bfbd07c\" data-element_type=\"widget\" data-settings=\"{&quot;_ob_use_harakiri&quot;:&quot;yes&quot;,&quot;_ob_harakiri_writing_mode&quot;:&quot;inherit&quot;,&quot;_ob_harakiri_text_clip&quot;:&quot;none&quot;,&quot;_ob_perspektive_use&quot;:&quot;no&quot;,&quot;_ob_poopart_use&quot;:&quot;yes&quot;,&quot;_ob_shadough_use&quot;:&quot;no&quot;,&quot;_ob_allow_hoveranimator&quot;:&quot;no&quot;,&quot;_ob_widget_stalker_use&quot;:&quot;no&quot;}\" data-widget_type=\"heading.default\">\n\t\t\t\t<div class=\"elementor-widget-container\">\n\t\t\t\t\t<h4 class=\"elementor-heading-title elementor-size-default\">Contenido Newsletter<\/h4>\t\t\t\t<\/div>\n\t\t\t\t<\/div>\n\t\t\t\t\t<\/div>\n\t\t<\/div>\n\t\t\t\t\t<\/div>\n\t\t<\/section>\n\t\t<div class=\"elementor-element elementor-element-92ae812 e-flex e-con-boxed e-con e-parent\" data-id=\"92ae812\" data-element_type=\"container\" data-settings=\"{&quot;_ob_use_container_extras&quot;:&quot;no&quot;,&quot;_ob_column_hoveranimator&quot;:&quot;no&quot;,&quot;_ob_glider_is_slider&quot;:&quot;no&quot;,&quot;_ob_column_has_pseudo&quot;:&quot;no&quot;}\">\n\t\t\t\t\t<div class=\"e-con-inner\">\n\t\t\t\t<div class=\"elementor-element elementor-element-3fecb89 meta-visibility-show title_position_default title_hover_border_default title-default img_hover_animation_default meta_position_default tpg-category-position-default readmore-btn-default-style grid-hover-overlay-type-always tpg-el-box-border-enable tpg-border-bottom-disable ob-has-background-overlay elementor-widget elementor-widget-tpg-list-layout\" data-id=\"3fecb89\" data-element_type=\"widget\" data-settings=\"{&quot;_ob_perspektive_use&quot;:&quot;no&quot;,&quot;_ob_poopart_use&quot;:&quot;yes&quot;,&quot;_ob_shadough_use&quot;:&quot;no&quot;,&quot;_ob_allow_hoveranimator&quot;:&quot;no&quot;,&quot;_ob_widget_stalker_use&quot;:&quot;no&quot;}\" data-widget_type=\"tpg-list-layout.default\">\n\t\t\t\t<div class=\"elementor-widget-container\">\n\t\t\t\t\t\n        <div class=\"rt-container-fluid rt-tpg-container tpg-el-main-wrapper list-layout1-main \"\n             data-sc-id=\"elementor\"\n             id=\"rt-tpg-container-3537504112\"\n             data-layout=\"list-layout1\"\n             data-grid-style=\"tpg-even\"\n             data-el-settings=''\n             data-el-query=''\n             data-el-path=''\n        >\n\t\t\t                <div id=\"bottom-script-loader\" class=\"bottom-script-loader\">\n                    <div class=\"rt-ball-clip-rotate\">\n                        <div><\/div>\n                    <\/div>\n                <\/div>\n\t\t\t\t            <div class='tpg-header-wrapper '>\n\t\t\t\t            <\/div>\n\n            <div data-title=\"Loading ...\" class=\"rt-row rt-content-loader list-layout1 tpg-even list-behaviour list-layout-wrapper\">\n\t\t\t\t\n<div class=\"rt-col-md-12 rt-col-sm-12 rt-col-xs-12 default rt-list-item rt-grid-item\" data-id=\"1928\">\n\t<div class=\"rt-holder tpg-post-holder \">\n\t\t<div class=\"rt-detail rt-el-content-wrapper\">\n\t\t\t\t\t\t\t<div class=\"rt-img-holder tpg-el-image-wrap has-no-thumbnail\">\n\t\t\t\t\t<a data-id=\"1928\" href=\"https:\/\/ichtp.cl\/portal\/2026\/04\/29\/columna-del-presidente-dr-benny-oksenberg\/\" class=\"tpg-post-link\" target=\"_self\">        \n        <\/a>\n                <div class=\"overlay grid-hover-content\"><\/div>\n        \t\t\t\t<\/div>\n\t\t\t\n\t\t\t<div class=\"post-right-content\">\n\t\t\t\t<div class=\"entry-title-wrapper\"><h3 class=\"entry-title\"><a data-id=\"1928\" href=\"https:\/\/ichtp.cl\/portal\/2026\/04\/29\/columna-del-presidente-dr-benny-oksenberg\/\" class=\"tpg-post-link\" target=\"_self\">Columna del presidente &#8211; Dr. Benny Oksenberg<\/a><\/h3><\/div>\n\t\t\t\t\t\t\t\t\t<div class=\"post-meta-tags rt-el-post-meta\">\n\t\t\t\t\t\t            <span class='date'>\n\t\t\t\t<i class='flaticon-calendar '><\/i>                                    <a href=\"https:\/\/ichtp.cl\/portal\/2026\/04\/29\/\">\n\t\t\t\t\tabril 29, 2026\t\t\t\t<\/a>\n                \t\t\t<\/span>\n                        <span class='categories-links'>\n\t\t\t\t<i class='flaticon-folder '><\/i><a class=\"boletin\" href=\"https:\/\/ichtp.cl\/portal\/category\/boletin\/\">Boletin<\/a>\t\t\t<\/span>\n            \t\t\t\t\t<\/div>\n\t\t\t\t\n\t\t\t\t\t\t\t\t\t<div class=\"tpg-excerpt tpg-el-excerpt\">\n\t\t\t\t\t\t\t\t\t\t\t\t\t<div class=\"tpg-excerpt-inner\">\n\t\t\t\t\t\t\t\tCelebramos esta primera edici\u00f3n del newsletter del ICHTP, agradeciendo al Dr Julio Armijo y a Mario Spiler su implementaci\u00f3n. En estos d\u00edas hemos titulado a nuestra segunda promoci\u00f3n del post\u00edtulo \u2018 Clinica psicodinamica en los trastornos de la Personalidad: teor\u00edas, desaf\u00edos y complejidades\u2019 bajo...\t\t\t\t\t\t\t<\/div>\n\t\t\t\t\t\t\t\t\t\t\t\t\t\t\t\t\t<\/div>\n\t\t\t\t\n\t\t\t\t        <div class=\"post-footer\">\n            <div class=\"post-footer\">\n                <div class=\"read-more\">\n                    <a data-id=\"1928\" href=\"https:\/\/ichtp.cl\/portal\/2026\/04\/29\/columna-del-presidente-dr-benny-oksenberg\/\" class=\"tpg-post-link\" target=\"_self\">Leer m\u00e1s<\/a>                <\/div>\n            <\/div>\n        <\/div>\n        \t\t\t<\/div>\n\t\t<\/div>\n\t<\/div>\n<\/div>\n\n<div class=\"rt-col-md-12 rt-col-sm-12 rt-col-xs-12 default rt-list-item rt-grid-item\" data-id=\"1925\">\n\t<div class=\"rt-holder tpg-post-holder \">\n\t\t<div class=\"rt-detail rt-el-content-wrapper\">\n\t\t\t\t\t\t\t<div class=\"rt-img-holder tpg-el-image-wrap has-thumbnail\">\n\t\t\t\t\t<a data-id=\"1925\" href=\"https:\/\/ichtp.cl\/portal\/2026\/04\/29\/la-transferencia-en-psicoanalisis-perspectivas-de-bion-y-ferro\/\" class=\"tpg-post-link\" target=\"_self\">                        <img fetchpriority=\"high\" decoding=\"async\" src=\"https:\/\/ichtp.cl\/portal\/wp-content\/uploads\/2026\/04\/e4261f70bb0356e53ac9bb0ab2d1dc91-768x404.jpg\"\n                             class=\"rt-img-responsive\"\n                             width=\"768\"\n                             height=\"404\"\n                             alt=\"La Transferencia en Psicoan\u00e1lisis: Perspectivas de Bion y Ferro\">\n                        \n                            \n        <\/a>\n                <div class=\"overlay grid-hover-content\"><\/div>\n        \t\t\t\t<\/div>\n\t\t\t\n\t\t\t<div class=\"post-right-content\">\n\t\t\t\t<div class=\"entry-title-wrapper\"><h3 class=\"entry-title\"><a data-id=\"1925\" href=\"https:\/\/ichtp.cl\/portal\/2026\/04\/29\/la-transferencia-en-psicoanalisis-perspectivas-de-bion-y-ferro\/\" class=\"tpg-post-link\" target=\"_self\">La Transferencia en Psicoan\u00e1lisis: Perspectivas de Bion y Ferro<\/a><\/h3><\/div>\n\t\t\t\t\t\t\t\t\t<div class=\"post-meta-tags rt-el-post-meta\">\n\t\t\t\t\t\t            <span class='date'>\n\t\t\t\t<i class='flaticon-calendar '><\/i>                                    <a href=\"https:\/\/ichtp.cl\/portal\/2026\/04\/29\/\">\n\t\t\t\t\tabril 29, 2026\t\t\t\t<\/a>\n                \t\t\t<\/span>\n                        <span class='categories-links'>\n\t\t\t\t<i class='flaticon-folder '><\/i><a class=\"boletin\" href=\"https:\/\/ichtp.cl\/portal\/category\/boletin\/\">Boletin<\/a>\t\t\t<\/span>\n            \t\t\t\t\t<\/div>\n\t\t\t\t\n\t\t\t\t\t\t\t\t\t<div class=\"tpg-excerpt tpg-el-excerpt\">\n\t\t\t\t\t\t\t\t\t\t\t\t\t<div class=\"tpg-excerpt-inner\">\n\t\t\t\t\t\t\t\tAutores: Dr. Benny Ocksenberg (Psiquiatra, Psicoanalista, Psicoterapeuta TFP), Ps. Catalina Undurraga (Psic\u00f3loga, PHD en psicoterapia), Ps. Nicol\u00e1s Mor\u00e1n (Psi\u00f3logo, psicoanalista) Edici\u00f3n: Dr. Julio Armijo (Psiquiatra, Psicoterapeuta TFP) &nbsp; En el marco de la I Jornada de Actualizaci\u00f3n en...\t\t\t\t\t\t\t<\/div>\n\t\t\t\t\t\t\t\t\t\t\t\t\t\t\t\t\t<\/div>\n\t\t\t\t\n\t\t\t\t        <div class=\"post-footer\">\n            <div class=\"post-footer\">\n                <div class=\"read-more\">\n                    <a data-id=\"1925\" href=\"https:\/\/ichtp.cl\/portal\/2026\/04\/29\/la-transferencia-en-psicoanalisis-perspectivas-de-bion-y-ferro\/\" class=\"tpg-post-link\" target=\"_self\">Leer m\u00e1s<\/a>                <\/div>\n            <\/div>\n        <\/div>\n        \t\t\t<\/div>\n\t\t<\/div>\n\t<\/div>\n<\/div>\n\n<div class=\"rt-col-md-12 rt-col-sm-12 rt-col-xs-12 default rt-list-item rt-grid-item\" data-id=\"1920\">\n\t<div class=\"rt-holder tpg-post-holder \">\n\t\t<div class=\"rt-detail rt-el-content-wrapper\">\n\t\t\t\t\t\t\t<div class=\"rt-img-holder tpg-el-image-wrap has-thumbnail\">\n\t\t\t\t\t<a data-id=\"1920\" href=\"https:\/\/ichtp.cl\/portal\/2026\/04\/29\/entrevista-al-dr-benny-oksenberg-presidente-del-directorio-del-ichtp\/\" class=\"tpg-post-link\" target=\"_self\">                        <img decoding=\"async\" src=\"https:\/\/ichtp.cl\/portal\/wp-content\/uploads\/2026\/04\/45b569c3f98a9d1598604c80cba6a3a8-768x745.png\"\n                             class=\"rt-img-responsive\"\n                             width=\"768\"\n                             height=\"745\"\n                             alt=\"Entrevista al Dr. Benny Oksenberg, presidente del directorio del ICHTP\">\n                        \n                            \n        <\/a>\n                <div class=\"overlay grid-hover-content\"><\/div>\n        \t\t\t\t<\/div>\n\t\t\t\n\t\t\t<div class=\"post-right-content\">\n\t\t\t\t<div class=\"entry-title-wrapper\"><h3 class=\"entry-title\"><a data-id=\"1920\" href=\"https:\/\/ichtp.cl\/portal\/2026\/04\/29\/entrevista-al-dr-benny-oksenberg-presidente-del-directorio-del-ichtp\/\" class=\"tpg-post-link\" target=\"_self\">Entrevista al Dr. Benny Oksenberg, presidente del directorio del ICHTP<\/a><\/h3><\/div>\n\t\t\t\t\t\t\t\t\t<div class=\"post-meta-tags rt-el-post-meta\">\n\t\t\t\t\t\t            <span class='date'>\n\t\t\t\t<i class='flaticon-calendar '><\/i>                                    <a href=\"https:\/\/ichtp.cl\/portal\/2026\/04\/29\/\">\n\t\t\t\t\tabril 29, 2026\t\t\t\t<\/a>\n                \t\t\t<\/span>\n                        <span class='categories-links'>\n\t\t\t\t<i class='flaticon-folder '><\/i><a class=\"boletin\" href=\"https:\/\/ichtp.cl\/portal\/category\/boletin\/\">Boletin<\/a>\t\t\t<\/span>\n            \t\t\t\t\t<\/div>\n\t\t\t\t\n\t\t\t\t\t\t\t\t\t<div class=\"tpg-excerpt tpg-el-excerpt\">\n\t\t\t\t\t\t\t\t\t\t\t\t\t<div class=\"tpg-excerpt-inner\">\n\t\t\t\t\t\t\t\tEntrevistador: Ps. Paula Sanchez (psic\u00f3loga, ex miembro del directorio del ICHTP y coordinadora de la unidad de docencia del ICHTP y miembro estable de la Unidad de Adicciones de la Cl\u00edncia Uc-christus\u00a0 de la Pontificia Universidad Cat\u00f3lica de Chile)...\t\t\t\t\t\t\t<\/div>\n\t\t\t\t\t\t\t\t\t\t\t\t\t\t\t\t\t<\/div>\n\t\t\t\t\n\t\t\t\t        <div class=\"post-footer\">\n            <div class=\"post-footer\">\n                <div class=\"read-more\">\n                    <a data-id=\"1920\" href=\"https:\/\/ichtp.cl\/portal\/2026\/04\/29\/entrevista-al-dr-benny-oksenberg-presidente-del-directorio-del-ichtp\/\" class=\"tpg-post-link\" target=\"_self\">Leer m\u00e1s<\/a>                <\/div>\n            <\/div>\n        <\/div>\n        \t\t\t<\/div>\n\t\t<\/div>\n\t<\/div>\n<\/div>\n            <\/div>\n\n\t\t\t\n        <\/div>\n\t\t\t\t\t\t<\/div>\n\t\t\t\t<\/div>\n\t\t\t\t\t<\/div>\n\t\t\t\t<\/div>\n\t\t\t\t<\/div>\n\t\t","protected":false},"excerpt":{"rendered":"<p>Contenido Newsletter Columna del presidente &#8211; Dr. Benny Oksenberg abril 29, 2026 Boletin Celebramos esta primera edici\u00f3n del newsletter del ICHTP, agradeciendo al Dr Julio Armijo y a Mario Spiler su implementaci\u00f3n. En estos d\u00edas hemos titulado a nuestra segunda promoci\u00f3n del post\u00edtulo \u2018 Clinica psicodinamica en los trastornos de la Personalidad: teor\u00edas, desaf\u00edos y [&hellip;]<\/p>\n","protected":false},"author":1,"featured_media":0,"parent":0,"menu_order":0,"comment_status":"closed","ping_status":"closed","template":"","meta":{"om_disable_all_campaigns":false,"_monsterinsights_skip_tracking":false,"_monsterinsights_sitenote_active":false,"_monsterinsights_sitenote_note":"","_monsterinsights_sitenote_category":0,"_uf_show_specific_survey":0,"_uf_disable_surveys":false,"site-sidebar-layout":"no-sidebar","site-content-layout":"","ast-site-content-layout":"full-width-container","site-content-style":"default","site-sidebar-style":"default","ast-global-header-display":"","ast-banner-title-visibility":"","ast-main-header-display":"","ast-hfb-above-header-display":"","ast-hfb-below-header-display":"","ast-hfb-mobile-header-display":"","site-post-title":"","ast-breadcrumbs-content":"","ast-featured-img":"disabled","footer-sml-layout":"","ast-disable-related-posts":"","theme-transparent-header-meta":"default","adv-header-id-meta":"","stick-header-meta":"","header-above-stick-meta":"","header-main-stick-meta":"","header-below-stick-meta":"","astra-migrate-meta-layouts":"set","ast-page-background-enabled":"default","ast-page-background-meta":{"desktop":{"background-color":"var(--ast-global-color-4)","background-image":"","background-repeat":"repeat","background-position":"center center","background-size":"auto","background-attachment":"scroll","background-type":"","background-media":"","overlay-type":"","overlay-color":"","overlay-opacity":"","overlay-gradient":""},"tablet":{"background-color":"","background-image":"","background-repeat":"repeat","background-position":"center center","background-size":"auto","background-attachment":"scroll","background-type":"","background-media":"","overlay-type":"","overlay-color":"","overlay-opacity":"","overlay-gradient":""},"mobile":{"background-color":"","background-image":"","background-repeat":"repeat","background-position":"center center","background-size":"auto","background-attachment":"scroll","background-type":"","background-media":"","overlay-type":"","overlay-color":"","overlay-opacity":"","overlay-gradient":""}},"ast-content-background-meta":{"desktop":{"background-color":"var(--ast-global-color-5)","background-image":"","background-repeat":"repeat","background-position":"center center","background-size":"auto","background-attachment":"scroll","background-type":"","background-media":"","overlay-type":"","overlay-color":"","overlay-opacity":"","overlay-gradient":""},"tablet":{"background-color":"var(--ast-global-color-5)","background-image":"","background-repeat":"repeat","background-position":"center center","background-size":"auto","background-attachment":"scroll","background-type":"","background-media":"","overlay-type":"","overlay-color":"","overlay-opacity":"","overlay-gradient":""},"mobile":{"background-color":"var(--ast-global-color-5)","background-image":"","background-repeat":"repeat","background-position":"center center","background-size":"auto","background-attachment":"scroll","background-type":"","background-media":"","overlay-type":"","overlay-color":"","overlay-opacity":"","overlay-gradient":""}},"footnotes":""},"class_list":["post-1930","page","type-page","status-publish","hentry"],"yoast_head":"<!-- This site is optimized with the Yoast SEO plugin v27.5 - https:\/\/yoast.com\/product\/yoast-seo-wordpress\/ -->\n<title>Contenido Newsletter -<\/title>\n<meta name=\"robots\" content=\"index, follow, max-snippet:-1, max-image-preview:large, max-video-preview:-1\" \/>\n<link rel=\"canonical\" href=\"https:\/\/ichtp.cl\/portal\/contenido-newsletter\/\" \/>\n<meta property=\"og:locale\" content=\"es_ES\" \/>\n<meta property=\"og:type\" content=\"article\" \/>\n<meta property=\"og:title\" content=\"Contenido Newsletter -\" \/>\n<meta property=\"og:description\" content=\"Contenido Newsletter Columna del presidente &#8211; Dr. Benny Oksenberg abril 29, 2026 Boletin Celebramos esta primera edici\u00f3n del newsletter del ICHTP, agradeciendo al Dr Julio Armijo y a Mario Spiler su implementaci\u00f3n. En estos d\u00edas hemos titulado a nuestra segunda promoci\u00f3n del post\u00edtulo \u2018 Clinica psicodinamica en los trastornos de la Personalidad: teor\u00edas, desaf\u00edos y [&hellip;]\" \/>\n<meta property=\"og:url\" content=\"https:\/\/ichtp.cl\/portal\/contenido-newsletter\/\" \/>\n<meta property=\"article:modified_time\" content=\"2026-04-30T12:33:40+00:00\" \/>\n<meta property=\"og:image\" content=\"https:\/\/ichtp.cl\/portal\/wp-content\/uploads\/2026\/04\/e4261f70bb0356e53ac9bb0ab2d1dc91-768x404.jpg\" \/>\n<meta name=\"twitter:card\" content=\"summary_large_image\" \/>\n<meta name=\"twitter:label1\" content=\"Tiempo de lectura\" \/>\n\t<meta name=\"twitter:data1\" content=\"1 minuto\" \/>\n<script type=\"application\/ld+json\" class=\"yoast-schema-graph\">{\"@context\":\"https:\\\/\\\/schema.org\",\"@graph\":[{\"@type\":\"WebPage\",\"@id\":\"https:\\\/\\\/ichtp.cl\\\/portal\\\/contenido-newsletter\\\/\",\"url\":\"https:\\\/\\\/ichtp.cl\\\/portal\\\/contenido-newsletter\\\/\",\"name\":\"Contenido Newsletter -\",\"isPartOf\":{\"@id\":\"https:\\\/\\\/ichtp.cl\\\/portal\\\/#website\"},\"primaryImageOfPage\":{\"@id\":\"https:\\\/\\\/ichtp.cl\\\/portal\\\/contenido-newsletter\\\/#primaryimage\"},\"image\":{\"@id\":\"https:\\\/\\\/ichtp.cl\\\/portal\\\/contenido-newsletter\\\/#primaryimage\"},\"thumbnailUrl\":\"https:\\\/\\\/ichtp.cl\\\/portal\\\/wp-content\\\/uploads\\\/2026\\\/04\\\/e4261f70bb0356e53ac9bb0ab2d1dc91-768x404.jpg\",\"datePublished\":\"2026-04-29T22:19:13+00:00\",\"dateModified\":\"2026-04-30T12:33:40+00:00\",\"breadcrumb\":{\"@id\":\"https:\\\/\\\/ichtp.cl\\\/portal\\\/contenido-newsletter\\\/#breadcrumb\"},\"inLanguage\":\"es\",\"potentialAction\":[{\"@type\":\"ReadAction\",\"target\":[\"https:\\\/\\\/ichtp.cl\\\/portal\\\/contenido-newsletter\\\/\"]}]},{\"@type\":\"ImageObject\",\"inLanguage\":\"es\",\"@id\":\"https:\\\/\\\/ichtp.cl\\\/portal\\\/contenido-newsletter\\\/#primaryimage\",\"url\":\"https:\\\/\\\/ichtp.cl\\\/portal\\\/wp-content\\\/uploads\\\/2026\\\/04\\\/e4261f70bb0356e53ac9bb0ab2d1dc91.jpg\",\"contentUrl\":\"https:\\\/\\\/ichtp.cl\\\/portal\\\/wp-content\\\/uploads\\\/2026\\\/04\\\/e4261f70bb0356e53ac9bb0ab2d1dc91.jpg\",\"width\":1200,\"height\":632},{\"@type\":\"BreadcrumbList\",\"@id\":\"https:\\\/\\\/ichtp.cl\\\/portal\\\/contenido-newsletter\\\/#breadcrumb\",\"itemListElement\":[{\"@type\":\"ListItem\",\"position\":1,\"name\":\"Home\",\"item\":\"https:\\\/\\\/ichtp.cl\\\/portal\\\/\"},{\"@type\":\"ListItem\",\"position\":2,\"name\":\"Contenido Newsletter\"}]},{\"@type\":\"WebSite\",\"@id\":\"https:\\\/\\\/ichtp.cl\\\/portal\\\/#website\",\"url\":\"https:\\\/\\\/ichtp.cl\\\/portal\\\/\",\"name\":\"\",\"description\":\"Portal ICHTP\",\"potentialAction\":[{\"@type\":\"SearchAction\",\"target\":{\"@type\":\"EntryPoint\",\"urlTemplate\":\"https:\\\/\\\/ichtp.cl\\\/portal\\\/?s={search_term_string}\"},\"query-input\":{\"@type\":\"PropertyValueSpecification\",\"valueRequired\":true,\"valueName\":\"search_term_string\"}}],\"inLanguage\":\"es\"}]}<\/script>\n<!-- \/ Yoast SEO plugin. -->","yoast_head_json":{"title":"Contenido Newsletter -","robots":{"index":"index","follow":"follow","max-snippet":"max-snippet:-1","max-image-preview":"max-image-preview:large","max-video-preview":"max-video-preview:-1"},"canonical":"https:\/\/ichtp.cl\/portal\/contenido-newsletter\/","og_locale":"es_ES","og_type":"article","og_title":"Contenido Newsletter -","og_description":"Contenido Newsletter Columna del presidente &#8211; Dr. Benny Oksenberg abril 29, 2026 Boletin Celebramos esta primera edici\u00f3n del newsletter del ICHTP, agradeciendo al Dr Julio Armijo y a Mario Spiler su implementaci\u00f3n. En estos d\u00edas hemos titulado a nuestra segunda promoci\u00f3n del post\u00edtulo \u2018 Clinica psicodinamica en los trastornos de la Personalidad: teor\u00edas, desaf\u00edos y [&hellip;]","og_url":"https:\/\/ichtp.cl\/portal\/contenido-newsletter\/","article_modified_time":"2026-04-30T12:33:40+00:00","og_image":[{"url":"https:\/\/ichtp.cl\/portal\/wp-content\/uploads\/2026\/04\/e4261f70bb0356e53ac9bb0ab2d1dc91-768x404.jpg","type":"","width":"","height":""}],"twitter_card":"summary_large_image","twitter_misc":{"Tiempo de lectura":"1 minuto"},"schema":{"@context":"https:\/\/schema.org","@graph":[{"@type":"WebPage","@id":"https:\/\/ichtp.cl\/portal\/contenido-newsletter\/","url":"https:\/\/ichtp.cl\/portal\/contenido-newsletter\/","name":"Contenido Newsletter -","isPartOf":{"@id":"https:\/\/ichtp.cl\/portal\/#website"},"primaryImageOfPage":{"@id":"https:\/\/ichtp.cl\/portal\/contenido-newsletter\/#primaryimage"},"image":{"@id":"https:\/\/ichtp.cl\/portal\/contenido-newsletter\/#primaryimage"},"thumbnailUrl":"https:\/\/ichtp.cl\/portal\/wp-content\/uploads\/2026\/04\/e4261f70bb0356e53ac9bb0ab2d1dc91-768x404.jpg","datePublished":"2026-04-29T22:19:13+00:00","dateModified":"2026-04-30T12:33:40+00:00","breadcrumb":{"@id":"https:\/\/ichtp.cl\/portal\/contenido-newsletter\/#breadcrumb"},"inLanguage":"es","potentialAction":[{"@type":"ReadAction","target":["https:\/\/ichtp.cl\/portal\/contenido-newsletter\/"]}]},{"@type":"ImageObject","inLanguage":"es","@id":"https:\/\/ichtp.cl\/portal\/contenido-newsletter\/#primaryimage","url":"https:\/\/ichtp.cl\/portal\/wp-content\/uploads\/2026\/04\/e4261f70bb0356e53ac9bb0ab2d1dc91.jpg","contentUrl":"https:\/\/ichtp.cl\/portal\/wp-content\/uploads\/2026\/04\/e4261f70bb0356e53ac9bb0ab2d1dc91.jpg","width":1200,"height":632},{"@type":"BreadcrumbList","@id":"https:\/\/ichtp.cl\/portal\/contenido-newsletter\/#breadcrumb","itemListElement":[{"@type":"ListItem","position":1,"name":"Home","item":"https:\/\/ichtp.cl\/portal\/"},{"@type":"ListItem","position":2,"name":"Contenido Newsletter"}]},{"@type":"WebSite","@id":"https:\/\/ichtp.cl\/portal\/#website","url":"https:\/\/ichtp.cl\/portal\/","name":"","description":"Portal ICHTP","potentialAction":[{"@type":"SearchAction","target":{"@type":"EntryPoint","urlTemplate":"https:\/\/ichtp.cl\/portal\/?s={search_term_string}"},"query-input":{"@type":"PropertyValueSpecification","valueRequired":true,"valueName":"search_term_string"}}],"inLanguage":"es"}]}},"jetpack-related-posts":[],"jetpack_sharing_enabled":true,"rttpg_featured_image_url":null,"rttpg_author":{"display_name":"admin","author_link":"https:\/\/ichtp.cl\/portal\/author\/admin\/"},"rttpg_comment":0,"rttpg_category":"","rttpg_excerpt":"Contenido Newsletter Columna del presidente &#8211; Dr. Benny Oksenberg abril 29, 2026 Boletin Celebramos esta primera edici\u00f3n del newsletter del ICHTP, agradeciendo al Dr Julio Armijo y a Mario Spiler su implementaci\u00f3n. En estos d\u00edas hemos titulado a nuestra segunda promoci\u00f3n del post\u00edtulo \u2018 Clinica psicodinamica en los trastornos de la Personalidad: teor\u00edas, desaf\u00edos y&hellip;","_links":{"self":[{"href":"https:\/\/ichtp.cl\/portal\/wp-json\/wp\/v2\/pages\/1930","targetHints":{"allow":["GET"]}}],"collection":[{"href":"https:\/\/ichtp.cl\/portal\/wp-json\/wp\/v2\/pages"}],"about":[{"href":"https:\/\/ichtp.cl\/portal\/wp-json\/wp\/v2\/types\/page"}],"author":[{"embeddable":true,"href":"https:\/\/ichtp.cl\/portal\/wp-json\/wp\/v2\/users\/1"}],"replies":[{"embeddable":true,"href":"https:\/\/ichtp.cl\/portal\/wp-json\/wp\/v2\/comments?post=1930"}],"version-history":[{"count":25,"href":"https:\/\/ichtp.cl\/portal\/wp-json\/wp\/v2\/pages\/1930\/revisions"}],"predecessor-version":[{"id":1964,"href":"https:\/\/ichtp.cl\/portal\/wp-json\/wp\/v2\/pages\/1930\/revisions\/1964"}],"wp:attachment":[{"href":"https:\/\/ichtp.cl\/portal\/wp-json\/wp\/v2\/media?parent=1930"}],"curies":[{"name":"wp","href":"https:\/\/api.w.org\/{rel}","templated":true}]}}